{"id":40,"date":"2018-11-22T10:29:12","date_gmt":"2018-11-22T09:29:12","guid":{"rendered":"https:\/\/backupserver.hartings.se\/?page_id=40"},"modified":"2026-04-25T11:07:43","modified_gmt":"2026-04-25T09:07:43","slug":"pictures-overview","status":"publish","type":"page","link":"https:\/\/hartings.se\/?page_id=40","title":{"rendered":"Photo Albums &#8211; Login"},"content":{"rendered":"<p>The photo albums\/slide-shows are organised by year<br \/>\n(For\u00a0<em>Svenska, Nederlands<\/em>, see below).<\/p>\n<p><em>&#8211; April 2026: The albums are now complete for 2002-2025!<br \/>\nPrevious years will be added from time to time \ud83d\ude42\u00a0<\/em><\/p>\n<p>Please note:<br \/>\nUse <strong>2 fingers simultaneously <\/strong>to zoom in\/out<br \/>\nor move around on a photo, when using a smart phone.<\/p>\n<p>Please choose the year, login and enjoy !<\/p>\n<p><a href=\"https:\/\/hartings.se\/?page_id=589\">2025<\/a> &#8212;<a href=\"https:\/\/hartings.se\/?page_id=495\">2024<\/a> &#8212; <a href=\"https:\/\/hartings.se\/?page_id=490\">2023<\/a> &#8212; <a href=\"https:\/\/hartings.se\/?page_id=501\">2022<\/a> &#8212; <a href=\"https:\/\/hartings.se\/?page_id=556\">2021<\/a> &#8212; <a href=\"https:\/\/hartings.se\/?page_id=406\">2020<\/a><\/p>\n<p><a href=\"https:\/\/hartings.se\/?page_id=360\">2019<\/a> &#8212; <a href=\"https:\/\/hartings.se\/?page_id=115\">2018<\/a> &#8212; <a href=\"https:\/\/hartings.se\/?page_id=110\">2017<\/a> &#8212; <a href=\"https:\/\/hartings.se\/?page_id=97\">2016<\/a> &#8212; <a href=\"https:\/\/hartings.se\/?page_id=67\">2015<\/a> &#8212; <a href=\"https:\/\/hartings.se\/?page_id=118\">2014<\/a><\/p>\n<p><a href=\"https:\/\/hartings.se\/?page_id=121\">2013<\/a> &#8212;<a href=\"https:\/\/hartings.se\/?page_id=198\">2012<\/a> &#8212; <a href=\"https:\/\/hartings.se\/?page_id=200\">2011<\/a> &#8212; <a href=\"https:\/\/hartings.se\/?page_id=202\">2010<\/a>\u00a0 &#8212; <a href=\"https:\/\/hartings.se\/?page_id=204\">2009<\/a> &#8212; <a href=\"https:\/\/hartings.se\/?page_id=318\">2008<\/a><\/p>\n<p><a href=\"https:\/\/hartings.se\/?page_id=323\">2007<\/a> &#8212;<a href=\"https:\/\/hartings.se\/?page_id=331\">2006<\/a> &#8212; <a href=\"https:\/\/hartings.se\/?page_id=335\">2005<\/a> &#8212; <a href=\"https:\/\/hartings.se\/?page_id=345\">2004<\/a> &#8212; <a href=\"https:\/\/hartings.se\/?page_id=353\">2003<\/a> &#8212; <a href=\"https:\/\/hartings.se\/?page_id=355\">2002<\/a><\/p>\n<p><a href=\"https:\/\/hartings.se\/?page_id=370\">1999<\/a><\/p>\n<p>You can also use the Search function (see below).<\/p>\n<span class=\"collapseomatic \" id=\"id69f60326d062d\"  tabindex=\"0\" title=\"More help needed?\"    >More help needed?<\/span><div id=\"target-id69f60326d062d\" class=\"collapseomatic_content \">\n<p>Once you have selected a slide-show, you can pick any thumbnail, and a larger version of that photo will appear. The &#8221;Download&#8221; button in the top right hand corner, allows you to download the photo in full resolution (e.g. for printing or private storage).<br \/>\nThe slide-show starts playing when you click the &#8221;3-arrow&#8221;-button.<\/p>\n<\/div>\n<span class=\"collapseomatic \" id=\"id69f60326d0657\"  tabindex=\"0\" title=\"Svenska \"    >Svenska <\/span><div id=\"target-id69f60326d0657\" class=\"collapseomatic_content \">\n<p><strong>Bildspelen \u00e4r sorterade efter \u00e5rtal.\u00a0<\/strong><br \/>\nV\u00e4lj \u00e5r enligt ovan , logga in och njut!<\/p>\n<p>N\u00e4r du har valt ett visst bilspel,\u00a0 kan du klicka p\u00e5 en miniaturbild och samma fotot visas d\u00e5 i ett st\u00f6rre format. Du kan \u00e4ven ladda ner bilden i full format,\u00a0t e x f\u00f6r att kunna skriva ut eller spara den, genom att klicka p\u00e5 &#8221;Download&#8221; knappen i \u00f6versta h\u00f6gra h\u00f6rnet. Du startar bilspelet genom at klicka p\u00e5 de &#8221;3pilarna&#8221;.<\/p>\n<\/div>\n<span class=\"collapseomatic \" id=\"id69f60326d066e\"  tabindex=\"0\" title=\"Nederlands\"    >Nederlands<\/span><div id=\"target-id69f60326d066e\" class=\"collapseomatic_content \">\n<p><strong>De slide-shows zijn gesorteerd op jaar.<\/strong><br \/>\nKies een jaar, meld je aan, en geniet !<\/p>\n<p>Als je een bepaalde slide-show gekozen hebt, kun je op een thumbnail drukken en dezelfde foto wordt dan in een groter formaat gepresenteerd.\u00a0 Je kunt ook\u00a0 de foto downloaden m.b.v. de toest &#8221;Download&#8221; in de rechter bovenhoek (b.v. als je een foto wilt afdrukken met <em>maximale<\/em> resolutie).<br \/>\nDrukken op de &#8221;3 pijlen&#8221; start automatisch de slide-show.<\/p>\n<\/div>\n<p>&nbsp;<\/p>\n<p>Check the latest picture from our <a href=\"https:\/\/hartings.se\/?page_id=303\">Webcam.<\/a><\/p>\n","protected":false},"excerpt":{"rendered":"<p>The photo albums\/slide-shows are organised by year (For\u00a0Svenska, Nederlands, see below). &#8211; April 2026: The albums are now complete for 2002-2025! Previous years will be added from time to time \ud83d\ude42\u00a0 Please note: Use 2 fingers simultaneously to zoom in\/out or move around on a photo, when using a smart phone. Please choose the year, &hellip; <\/p>\n<p class=\"link-more\"><a href=\"https:\/\/hartings.se\/?page_id=40\" class=\"more-link\">Forts\u00e4tt l\u00e4sa<span class=\"screen-reader-text\"> \u201dPhoto Albums &#8211; Login\u201d<\/span><\/a><\/p>\n","protected":false},"author":1,"featured_media":0,"parent":0,"menu_order":0,"comment_status":"closed","ping_status":"closed","template":"","meta":{"footnotes":""},"class_list":["post-40","page","type-page","status-publish","hentry"],"_links":{"self":[{"href":"https:\/\/hartings.se\/index.php?rest_route=\/wp\/v2\/pages\/40","targetHints":{"allow":["GET"]}}],"collection":[{"href":"https:\/\/hartings.se\/index.php?rest_route=\/wp\/v2\/pages"}],"about":[{"href":"https:\/\/hartings.se\/index.php?rest_route=\/wp\/v2\/types\/page"}],"author":[{"embeddable":true,"href":"https:\/\/hartings.se\/index.php?rest_route=\/wp\/v2\/users\/1"}],"replies":[{"embeddable":true,"href":"https:\/\/hartings.se\/index.php?rest_route=%2Fwp%2Fv2%2Fcomments&post=40"}],"version-history":[{"count":122,"href":"https:\/\/hartings.se\/index.php?rest_route=\/wp\/v2\/pages\/40\/revisions"}],"predecessor-version":[{"id":594,"href":"https:\/\/hartings.se\/index.php?rest_route=\/wp\/v2\/pages\/40\/revisions\/594"}],"wp:attachment":[{"href":"https:\/\/hartings.se\/index.php?rest_route=%2Fwp%2Fv2%2Fmedia&parent=40"}],"curies":[{"name":"wp","href":"https:\/\/api.w.org\/{rel}","templated":true}]}}